{"id":42,"date":"2026-04-07T16:48:47","date_gmt":"2026-04-07T14:48:47","guid":{"rendered":"https:\/\/projetmuseeherbe.fr\/karine\/le-musee\/"},"modified":"2026-04-07T17:41:08","modified_gmt":"2026-04-07T15:41:08","slug":"le-musee","status":"publish","type":"page","link":"https:\/\/projetmuseeherbe.fr\/karine\/le-musee\/","title":{"rendered":"Pr\u00e9sentation le Mus\u00e9e en Herbe"},"content":{"rendered":"\n<div class=\"wp-block-media-text alignfull has-media-on-the-right is-stacked-on-mobile is-vertically-aligned-center is-style-default\" style=\"grid-template-columns:auto 56%\"><div class=\"wp-block-media-text__content\">\n<h2 class=\"wp-block-heading has-text-color\" style=\"color:#000000\"><\/h2>\n\n\n\n<h6 class=\"wp-block-heading has-text-color\" style=\"color:#636363;font-size:clamp(14px, 0.875rem + ((1vw - 3.2px) * 0.313), 17px);\">Le Mus\u00e9e en Herbe a \u00e9t\u00e9 cr\u00e9\u00e9 le 1er avril 1975 par\u00a0Sylvie Girardet,\u00a0Claire Merleau-Ponty\u00a0et\u00a0Anne Tardy.<br><br>Il est aujourd&rsquo;hui co-dirig\u00e9 par\u00a0Sylvie Girardet\u00a0(directrice artistique),\u00a0Anne Brichet\u00a0(directrice du service p\u00e9dagogique &amp; r\u00e9gie des \u0153uvres),\u00a0Corinne H\u00e9reau\u00a0(directrice des partenariats, m\u00e9c\u00e9nat et du Champ social) et\u00a0Ada Laferr\u00e8re\u00a0(directrice de la communication et assistante aux expositions).<br><br>Il pr\u00e9sente des expositions d\u2019art adapt\u00e9es \u00e0 tous, de 3 \u00e0 103 ans.\u00a0<br><br>Des expositions participatives et des parcours dont les visiteurs sont les h\u00e9ros, permettent de capter la curiosit\u00e9, la sensibilit\u00e9 et l\u2019int\u00e9r\u00eat des petits comme des grands. Une approche de l\u2019art bas\u00e9e sur le jeu et l\u2019humour, propre au Mus\u00e9e en Herbe, attire plus de 120 000 visiteurs par an.<br><br>Implant\u00e9 au c\u0153ur du 1er arrondissement de Paris, Le Mus\u00e9e en Herbe est un espace interg\u00e9n\u00e9rationnel de d\u00e9couvertes culturelles et de pratiques artistiques.<br><br>Des visites anim\u00e9es, des \u00e9v\u00e9nements et des ateliers adapt\u00e9s pour tous les \u00e2ges sont propos\u00e9s. Suivant son ambition de rendre l\u2019art accessible \u00e0 tous, le Mus\u00e9e en Herbe ouvre ses portes aux plus d\u00e9munis et porte une attention toute particuli\u00e8re \u00e0 l\u2019accessibilit\u00e9 des personnes en situation de handicap et de pr\u00e9carit\u00e9.<\/h6>\n\n\n\n<h6 class=\"wp-block-heading has-text-color\" style=\"color:#636363;font-size:clamp(14px, 0.875rem + ((1vw - 3.2px) * 0.313), 17px);\">Le Mus\u00e9e en Herbe est une association loi 1901, reconnue d\u2019int\u00e9r\u00eat g\u00e9n\u00e9ral. Subventionn\u00e9 par la Ville de Paris, il s\u2019associe \u00e9galement \u00e0 des entreprises dans le cadre de partenariats. Il est parrain\u00e9 par des personnalit\u00e9s d\u2019horizons diff\u00e9rents.<\/h6>\n<\/div><figure class=\"wp-block-media-text__media\"><img loading=\"lazy\" decoding=\"async\" width=\"1022\" height=\"762\" src=\"https:\/\/projetmuseeherbe.fr\/karine\/wp-content\/uploads\/2026\/04\/\u622a\u5c4f2026-04-07-\u4e0b\u53484.41.04.png\" alt=\"\" class=\"wp-image-39 size-full\" srcset=\"https:\/\/projetmuseeherbe.fr\/karine\/wp-content\/uploads\/2026\/04\/\u622a\u5c4f2026-04-07-\u4e0b\u53484.41.04.png 1022w, https:\/\/projetmuseeherbe.fr\/karine\/wp-content\/uploads\/2026\/04\/\u622a\u5c4f2026-04-07-\u4e0b\u53484.41.04-300x224.png 300w, https:\/\/projetmuseeherbe.fr\/karine\/wp-content\/uploads\/2026\/04\/\u622a\u5c4f2026-04-07-\u4e0b\u53484.41.04-768x573.png 768w\" sizes=\"auto, (max-width: 1022px) 100vw, 1022px\" \/><\/figure><\/div>\n","protected":false},"excerpt":{"rendered":"<p>Le Mus\u00e9e en Herbe a \u00e9t\u00e9 cr\u00e9\u00e9 le 1er avril 1975 par\u00a0Sylvie Girardet,\u00a0Claire Merleau-Ponty\u00a0et\u00a0Anne Tardy. Il est aujourd&rsquo;hui co-dirig\u00e9 par\u00a0Sylvie Girardet\u00a0(directrice artistique),\u00a0Anne Brichet\u00a0(directrice du service p\u00e9dagogique &amp; r\u00e9gie des \u0153uvres),\u00a0Corinne H\u00e9reau\u00a0(directrice des partenariats, m\u00e9c\u00e9nat et du Champ social) et\u00a0Ada Laferr\u00e8re\u00a0(directrice de la communication et assistante aux expositions). Il pr\u00e9sente des expositions d\u2019art adapt\u00e9es \u00e0 tous, [&hellip;]<\/p>\n","protected":false},"author":1,"featured_media":0,"parent":0,"menu_order":0,"comment_status":"closed","ping_status":"closed","template":"","meta":{"_themeisle_gutenberg_block_has_review":false,"footnotes":""},"class_list":["post-42","page","type-page","status-publish","hentry"],"_links":{"self":[{"href":"https:\/\/projetmuseeherbe.fr\/karine\/wp-json\/wp\/v2\/pages\/42","targetHints":{"allow":["GET"]}}],"collection":[{"href":"https:\/\/projetmuseeherbe.fr\/karine\/wp-json\/wp\/v2\/pages"}],"about":[{"href":"https:\/\/projetmuseeherbe.fr\/karine\/wp-json\/wp\/v2\/types\/page"}],"author":[{"embeddable":true,"href":"https:\/\/projetmuseeherbe.fr\/karine\/wp-json\/wp\/v2\/users\/1"}],"replies":[{"embeddable":true,"href":"https:\/\/projetmuseeherbe.fr\/karine\/wp-json\/wp\/v2\/comments?post=42"}],"version-history":[{"count":4,"href":"https:\/\/projetmuseeherbe.fr\/karine\/wp-json\/wp\/v2\/pages\/42\/revisions"}],"predecessor-version":[{"id":64,"href":"https:\/\/projetmuseeherbe.fr\/karine\/wp-json\/wp\/v2\/pages\/42\/revisions\/64"}],"wp:attachment":[{"href":"https:\/\/projetmuseeherbe.fr\/karine\/wp-json\/wp\/v2\/media?parent=42"}],"curies":[{"name":"wp","href":"https:\/\/api.w.org\/{rel}","templated":true}]}}